{"id":49,"date":"2024-03-20T22:09:15","date_gmt":"2024-03-20T22:09:15","guid":{"rendered":"https:\/\/www.rhinetalents.ch\/?page_id=49"},"modified":"2025-09-20T05:30:12","modified_gmt":"2025-09-20T05:30:12","slug":"landing-page","status":"publish","type":"page","link":"https:\/\/www.rhinetalents.ch\/","title":{"rendered":"USA &#8217;25 &#8211; ein wundervolles Projekt"},"content":{"rendered":"\n<p>So, startete es &#8230;<br><strong>Bist du ein Musik-Talent? Lust auf eine besondere Herausforderung? Mit dieser Frage starteten wir die Registrierung zum Projekt &#8222;USA &#8217;25&#8220; im 2024. Innert k\u00fcrzester Zeit sind 58 Anmeldungen eingegangen und wir sind sehr stolz darauf die neue Formation RHINETALENTS vorzustellen:<\/strong><\/p>\n\n\n\n<figure class=\"wp-block-image size-large\"><img loading=\"lazy\" decoding=\"async\" width=\"1024\" height=\"576\" src=\"https:\/\/www.rhinetalents.ch\/wp-content\/uploads\/2024\/11\/IMG_1342-1024x576.jpg\" alt=\"\" class=\"wp-image-418\" srcset=\"https:\/\/www.rhinetalents.ch\/wp-content\/uploads\/2024\/11\/IMG_1342-1024x576.jpg 1024w, https:\/\/www.rhinetalents.ch\/wp-content\/uploads\/2024\/11\/IMG_1342-300x169.jpg 300w, https:\/\/www.rhinetalents.ch\/wp-content\/uploads\/2024\/11\/IMG_1342-768x432.jpg 768w, https:\/\/www.rhinetalents.ch\/wp-content\/uploads\/2024\/11\/IMG_1342-1536x864.jpg 1536w, https:\/\/www.rhinetalents.ch\/wp-content\/uploads\/2024\/11\/IMG_1342-2048x1152.jpg 2048w\" sizes=\"auto, (max-width: 1024px) 100vw, 1024px\" \/><\/figure>\n\n\n\n<p>Das Blue Lake Fine Arts Camp ist eine amerikanische Organisation, welche sich um diverse Kunstprojekte und einen internationalen Austausch von Jugendformationen k\u00fcmmert. Durch die langj\u00e4hrigen Kontakte von Michael Wachter besteht die M\u00f6glichkeit im <strong>Sommer &#8217;25 eine Konzertreise im Grossraum Chicago <\/strong>zu organisieren. Auf einer zweiw\u00f6chigen Reise werden verschiedene Konzertorte besucht und das Leben in Nordamerika durch die Beherbergung in Gastfamilien erlebt werden.<\/p>\n\n\n\n<figure class=\"wp-block-image size-large\"><img loading=\"lazy\" decoding=\"async\" width=\"1024\" height=\"387\" src=\"https:\/\/www.rhinetalents.ch\/wp-content\/uploads\/2024\/03\/BlueLake-1024x387.png\" alt=\"\" class=\"wp-image-50\" srcset=\"https:\/\/www.rhinetalents.ch\/wp-content\/uploads\/2024\/03\/BlueLake-1024x387.png 1024w, https:\/\/www.rhinetalents.ch\/wp-content\/uploads\/2024\/03\/BlueLake-300x113.png 300w, https:\/\/www.rhinetalents.ch\/wp-content\/uploads\/2024\/03\/BlueLake-768x291.png 768w, https:\/\/www.rhinetalents.ch\/wp-content\/uploads\/2024\/03\/BlueLake.png 1438w\" sizes=\"auto, (max-width: 1024px) 100vw, 1024px\" \/><\/figure>\n\n\n\n<p>Das Angebot richtet sich prim\u00e4r an <strong>junge Talente aus dem Rheintal<\/strong> (16-25 Jahre zum Zeitpunkt der Reise), welche neben dem Musizieren im Verein, resp. der Jugendmusik, eine zus\u00e4tzliche Herausforderung annehmen m\u00f6chten. Unsere Zielsetzung sind musikalische Leckerbissen, bestehend aus Werken von Schweizer Komponisten, einem breiten Publikum im Rheintal wie auch in den USA zug\u00e4nglich zu machen. <\/p>\n\n\n\n<p>Dabei wollen wir auch Literatur der 1. St\u00e4rkeklasse spielen, weshalb sich das Angebot an <strong>top motivierte und talentierte Musikanten<\/strong> richtet, welche ausserhalb der Komfortzone sich musikalisch weiterentwickeln m\u00f6chten. <\/p>\n\n\n\n<p>Je nach Besetzung k\u00f6nnten folgende St\u00fccke auf dem Konzertprogramm stehen: <br>&#8211; Harlequin, Franco Cesarini <br>&#8211; Coldplay, Bert Appermont<br>&#8211; Gaelforce, Peter Graham <br>Hier geht&#8217;s zum Literaturverzeichnis f\u00fcr das Projekt &#8217;25: <a href=\"https:\/\/youtube.com\/playlist?list=PL8d-nRRtMENnoGwfV9F8rMmcUTmVTOtn1&amp;feature=shared\">Zur Playlist<\/a><br>(\u00c4nderungen vorbehalten)<\/p>\n\n\n\n<p>Wir freuen uns auf Euere R\u00fcckmeldungen und stehen f\u00fcr Fragen gerne zur Verf\u00fcgung: patrick.bichler(at)rhinetalents.ch<br><\/p>\n\n\n\n<p>Mit musikalischen Gr\u00fcssen, Patrick<\/p>\n\n\n\n<p>Sponsoren:<img loading=\"lazy\" decoding=\"async\" width=\"60\" height=\"58\" class=\"wp-image-259\" style=\"width: 60px;\" src=\"https:\/\/www.rhinetalents.ch\/wp-content\/uploads\/2024\/08\/blank.jpg\" alt=\"\"><\/p>\n\n\n\n<figure class=\"wp-block-table\"><table><tbody><tr><td class=\"has-text-align-center\" data-align=\"center\"><a href=\"http:\/\/sfs.ch\" target=\"_blank\" rel=\"noreferrer noopener\"><img loading=\"lazy\" decoding=\"async\" width=\"150\" height=\"75\" class=\"wp-image-246\" style=\"width: 150px;\" src=\"https:\/\/www.rhinetalents.ch\/wp-content\/uploads\/2024\/08\/Logo_SFS.jpg\" alt=\"\" srcset=\"https:\/\/www.rhinetalents.ch\/wp-content\/uploads\/2024\/08\/Logo_SFS.jpg 1181w, https:\/\/www.rhinetalents.ch\/wp-content\/uploads\/2024\/08\/Logo_SFS-300x150.jpg 300w, https:\/\/www.rhinetalents.ch\/wp-content\/uploads\/2024\/08\/Logo_SFS-1024x512.jpg 1024w, https:\/\/www.rhinetalents.ch\/wp-content\/uploads\/2024\/08\/Logo_SFS-768x384.jpg 768w\" sizes=\"auto, (max-width: 150px) 100vw, 150px\" \/><\/a><\/td><td class=\"has-text-align-center\" data-align=\"center\"><a href=\"http:\/\/www.rheintalerkulturstiftung.ch\" target=\"_blank\" rel=\"noreferrer noopener\"><img loading=\"lazy\" decoding=\"async\" width=\"225\" height=\"57\" class=\"wp-image-248\" style=\"width: 225px;\" src=\"https:\/\/www.rhinetalents.ch\/wp-content\/uploads\/2024\/08\/rhe_kultur_cmyk.jpg\" alt=\"\" srcset=\"https:\/\/www.rhinetalents.ch\/wp-content\/uploads\/2024\/08\/rhe_kultur_cmyk.jpg 815w, https:\/\/www.rhinetalents.ch\/wp-content\/uploads\/2024\/08\/rhe_kultur_cmyk-300x75.jpg 300w, https:\/\/www.rhinetalents.ch\/wp-content\/uploads\/2024\/08\/rhe_kultur_cmyk-768x193.jpg 768w\" sizes=\"auto, (max-width: 225px) 100vw, 225px\" \/><\/a><\/td><td class=\"has-text-align-center\" data-align=\"center\"><img loading=\"lazy\" decoding=\"async\" width=\"180\" height=\"90\" class=\"wp-image-306\" style=\"width: 180px;\" src=\"https:\/\/www.rhinetalents.ch\/wp-content\/uploads\/2024\/08\/Jugend-Musik-Logo.png\" alt=\"\" srcset=\"https:\/\/www.rhinetalents.ch\/wp-content\/uploads\/2024\/08\/Jugend-Musik-Logo.png 788w, https:\/\/www.rhinetalents.ch\/wp-content\/uploads\/2024\/08\/Jugend-Musik-Logo-300x150.png 300w, https:\/\/www.rhinetalents.ch\/wp-content\/uploads\/2024\/08\/Jugend-Musik-Logo-768x384.png 768w\" sizes=\"auto, (max-width: 180px) 100vw, 180px\" \/><\/td><\/tr><tr><td class=\"has-text-align-center\" data-align=\"center\"><a href=\"http:\/\/www.lienhart-stiftung.ch\" target=\"_blank\" rel=\"noreferrer noopener\"><img loading=\"lazy\" decoding=\"async\" width=\"210\" height=\"91\" class=\"wp-image-256\" style=\"width: 210px;\" src=\"https:\/\/www.rhinetalents.ch\/wp-content\/uploads\/2024\/08\/Lienhard-Stiftung-Logo-JPEG-nur-Logo_cut.jpg\" alt=\"\" srcset=\"https:\/\/www.rhinetalents.ch\/wp-content\/uploads\/2024\/08\/Lienhard-Stiftung-Logo-JPEG-nur-Logo_cut.jpg 490w, https:\/\/www.rhinetalents.ch\/wp-content\/uploads\/2024\/08\/Lienhard-Stiftung-Logo-JPEG-nur-Logo_cut-300x130.jpg 300w\" sizes=\"auto, (max-width: 210px) 100vw, 210px\" \/><\/a><\/td><td class=\"has-text-align-center\" data-align=\"center\"><a href=\"http:\/\/raiffeisen.ch\" target=\"_blank\" rel=\"noreferrer noopener\"><img loading=\"lazy\" decoding=\"async\" width=\"200\" height=\"29\" class=\"wp-image-330\" style=\"width: 200px;\" src=\"https:\/\/www.rhinetalents.ch\/wp-content\/uploads\/2024\/08\/raiffeisen.png\" alt=\"\"><\/a><\/td><td class=\"has-text-align-center\" data-align=\"center\"><a href=\"http:\/\/www.migros.ch\" target=\"_blank\" rel=\"noreferrer noopener\"><img loading=\"lazy\" decoding=\"async\" width=\"240\" height=\"55\" class=\"wp-image-255\" style=\"width: 240px;\" src=\"https:\/\/www.rhinetalents.ch\/wp-content\/uploads\/2024\/08\/Logo_FGE_MK_rgb_300dpi_DE.png\" alt=\"\" srcset=\"https:\/\/www.rhinetalents.ch\/wp-content\/uploads\/2024\/08\/Logo_FGE_MK_rgb_300dpi_DE.png 6158w, https:\/\/www.rhinetalents.ch\/wp-content\/uploads\/2024\/08\/Logo_FGE_MK_rgb_300dpi_DE-300x69.png 300w, https:\/\/www.rhinetalents.ch\/wp-content\/uploads\/2024\/08\/Logo_FGE_MK_rgb_300dpi_DE-1024x236.png 1024w, https:\/\/www.rhinetalents.ch\/wp-content\/uploads\/2024\/08\/Logo_FGE_MK_rgb_300dpi_DE-768x177.png 768w, https:\/\/www.rhinetalents.ch\/wp-content\/uploads\/2024\/08\/Logo_FGE_MK_rgb_300dpi_DE-1536x353.png 1536w, https:\/\/www.rhinetalents.ch\/wp-content\/uploads\/2024\/08\/Logo_FGE_MK_rgb_300dpi_DE-2048x471.png 2048w\" sizes=\"auto, (max-width: 240px) 100vw, 240px\" \/><\/a><\/td><\/tr><tr><td class=\"has-text-align-center\" data-align=\"center\"><a href=\"http:\/\/helvetia.ch\" target=\"_blank\" rel=\"noreferrer noopener\"><img loading=\"lazy\" decoding=\"async\" width=\"200\" height=\"72\" class=\"wp-image-328\" style=\"width: 200px;\" src=\"https:\/\/www.rhinetalents.ch\/wp-content\/uploads\/2024\/08\/idea-helvetia.png\" alt=\"\" srcset=\"https:\/\/www.rhinetalents.ch\/wp-content\/uploads\/2024\/08\/idea-helvetia.png 1054w, https:\/\/www.rhinetalents.ch\/wp-content\/uploads\/2024\/08\/idea-helvetia-300x108.png 300w, https:\/\/www.rhinetalents.ch\/wp-content\/uploads\/2024\/08\/idea-helvetia-1024x369.png 1024w, https:\/\/www.rhinetalents.ch\/wp-content\/uploads\/2024\/08\/idea-helvetia-768x277.png 768w\" sizes=\"auto, (max-width: 200px) 100vw, 200px\" \/><\/a><\/td><td class=\"has-text-align-center\" data-align=\"center\"><a href=\"https:\/\/peter-heule-stiftung.ch\/\" target=\"_blank\" rel=\"noreferrer noopener\"><img loading=\"lazy\" decoding=\"async\" width=\"190\" height=\"65\" class=\"wp-image-329\" style=\"width: 190px;\" src=\"https:\/\/www.rhinetalents.ch\/wp-content\/uploads\/2024\/08\/PeterHeuleStiftung.png\" alt=\"\" srcset=\"https:\/\/www.rhinetalents.ch\/wp-content\/uploads\/2024\/08\/PeterHeuleStiftung.png 670w, https:\/\/www.rhinetalents.ch\/wp-content\/uploads\/2024\/08\/PeterHeuleStiftung-300x102.png 300w\" sizes=\"auto, (max-width: 190px) 100vw, 190px\" \/><\/a><\/td><td class=\"has-text-align-center\" data-align=\"center\"><a href=\"https:\/\/rotary-rheintal.ch\/\" data-type=\"link\" data-id=\"https:\/\/rotary-rheintal.ch\/\" target=\"_blank\" rel=\"noreferrer noopener\"><img loading=\"lazy\" decoding=\"async\" width=\"125\" height=\"125\" class=\"wp-image-344\" style=\"width: 125px;\" src=\"https:\/\/www.rhinetalents.ch\/wp-content\/uploads\/2024\/09\/5873_PNG_fuer__Word-Dokumente_Praesentationen_und_Web_AdditionalFile.png\" alt=\"\" srcset=\"https:\/\/www.rhinetalents.ch\/wp-content\/uploads\/2024\/09\/5873_PNG_fuer__Word-Dokumente_Praesentationen_und_Web_AdditionalFile.png 1050w, https:\/\/www.rhinetalents.ch\/wp-content\/uploads\/2024\/09\/5873_PNG_fuer__Word-Dokumente_Praesentationen_und_Web_AdditionalFile-300x300.png 300w, https:\/\/www.rhinetalents.ch\/wp-content\/uploads\/2024\/09\/5873_PNG_fuer__Word-Dokumente_Praesentationen_und_Web_AdditionalFile-1024x1024.png 1024w, https:\/\/www.rhinetalents.ch\/wp-content\/uploads\/2024\/09\/5873_PNG_fuer__Word-Dokumente_Praesentationen_und_Web_AdditionalFile-150x150.png 150w, https:\/\/www.rhinetalents.ch\/wp-content\/uploads\/2024\/09\/5873_PNG_fuer__Word-Dokumente_Praesentationen_und_Web_AdditionalFile-768x768.png 768w\" sizes=\"auto, (max-width: 125px) 100vw, 125px\" \/><\/a><\/td><\/tr><tr><td class=\"has-text-align-center\" data-align=\"center\"><a href=\"https:\/\/www.vatvalve.com\/de\" target=\"_blank\" rel=\"noreferrer noopener\"><img loading=\"lazy\" decoding=\"async\" width=\"150\" height=\"54\" class=\"wp-image-386\" style=\"width: 150px;\" src=\"https:\/\/www.rhinetalents.ch\/wp-content\/uploads\/2024\/09\/VAT_Logo_PPP_RGB-1.jpg\" alt=\"\" srcset=\"https:\/\/www.rhinetalents.ch\/wp-content\/uploads\/2024\/09\/VAT_Logo_PPP_RGB-1.jpg 1209w, https:\/\/www.rhinetalents.ch\/wp-content\/uploads\/2024\/09\/VAT_Logo_PPP_RGB-1-300x109.jpg 300w, https:\/\/www.rhinetalents.ch\/wp-content\/uploads\/2024\/09\/VAT_Logo_PPP_RGB-1-1024x371.jpg 1024w, https:\/\/www.rhinetalents.ch\/wp-content\/uploads\/2024\/09\/VAT_Logo_PPP_RGB-1-768x278.jpg 768w\" sizes=\"auto, (max-width: 150px) 100vw, 150px\" \/><\/a><\/td><td class=\"has-text-align-center\" data-align=\"center\"><a href=\"http:\/\/sgkb.ch\" data-type=\"link\" data-id=\"sgkb.ch\" target=\"_blank\" rel=\"noreferrer noopener\"><img loading=\"lazy\" decoding=\"async\" width=\"210\" height=\"41\" class=\"wp-image-359\" style=\"width: 210px;\" src=\"https:\/\/www.rhinetalents.ch\/wp-content\/uploads\/2024\/09\/logo-sgkb.webp\" alt=\"\" srcset=\"https:\/\/www.rhinetalents.ch\/wp-content\/uploads\/2024\/09\/logo-sgkb.webp 989w, https:\/\/www.rhinetalents.ch\/wp-content\/uploads\/2024\/09\/logo-sgkb-300x59.webp 300w, https:\/\/www.rhinetalents.ch\/wp-content\/uploads\/2024\/09\/logo-sgkb-768x151.webp 768w\" sizes=\"auto, (max-width: 210px) 100vw, 210px\" \/><\/a><\/td><td class=\"has-text-align-center\" data-align=\"center\"><strong>ARNOLD BILLWILLER <\/strong><br><strong>STIFTUNG<\/strong><\/td><\/tr><tr><td class=\"has-text-align-center\" data-align=\"center\"><a href=\"https:\/\/bienebank.clientis.ch\/\" target=\"_blank\" rel=\"noreferrer noopener\"><img loading=\"lazy\" decoding=\"async\" width=\"180\" height=\"85\" class=\"wp-image-354\" style=\"width: 180px;\" src=\"https:\/\/www.rhinetalents.ch\/wp-content\/uploads\/2024\/09\/bbr-logo-3z-cmyk.jpg\" alt=\"\" srcset=\"https:\/\/www.rhinetalents.ch\/wp-content\/uploads\/2024\/09\/bbr-logo-3z-cmyk.jpg 411w, https:\/\/www.rhinetalents.ch\/wp-content\/uploads\/2024\/09\/bbr-logo-3z-cmyk-300x142.jpg 300w\" sizes=\"auto, (max-width: 180px) 100vw, 180px\" \/><\/a><\/td><td class=\"has-text-align-center\" data-align=\"center\"><a href=\"https:\/\/rheintal.lionsclub.ch\/de\/\" target=\"_blank\" rel=\"noreferrer noopener\"><img loading=\"lazy\" decoding=\"async\" width=\"150\" height=\"90\" class=\"wp-image-379\" style=\"width: 150px;\" src=\"https:\/\/www.rhinetalents.ch\/wp-content\/uploads\/2024\/09\/Logo_Lions_Club_Rheintal.png\" alt=\"\" srcset=\"https:\/\/www.rhinetalents.ch\/wp-content\/uploads\/2024\/09\/Logo_Lions_Club_Rheintal.png 4000w, https:\/\/www.rhinetalents.ch\/wp-content\/uploads\/2024\/09\/Logo_Lions_Club_Rheintal-300x181.png 300w, https:\/\/www.rhinetalents.ch\/wp-content\/uploads\/2024\/09\/Logo_Lions_Club_Rheintal-1024x618.png 1024w, https:\/\/www.rhinetalents.ch\/wp-content\/uploads\/2024\/09\/Logo_Lions_Club_Rheintal-768x463.png 768w, https:\/\/www.rhinetalents.ch\/wp-content\/uploads\/2024\/09\/Logo_Lions_Club_Rheintal-1536x927.png 1536w, https:\/\/www.rhinetalents.ch\/wp-content\/uploads\/2024\/09\/Logo_Lions_Club_Rheintal-2048x1235.png 2048w\" sizes=\"auto, (max-width: 150px) 100vw, 150px\" \/><\/a><\/td><td class=\"has-text-align-center\" data-align=\"center\"><a href=\"https:\/\/www.alpharheintalbank.ch\/\" target=\"_blank\" rel=\"noreferrer noopener\"><img loading=\"lazy\" decoding=\"async\" width=\"180\" height=\"63\" class=\"wp-image-391\" style=\"width: 180px;\" src=\"https:\/\/www.rhinetalents.ch\/wp-content\/uploads\/2024\/09\/Logo_ARB.jpg\" alt=\"\" srcset=\"https:\/\/www.rhinetalents.ch\/wp-content\/uploads\/2024\/09\/Logo_ARB.jpg 1368w, https:\/\/www.rhinetalents.ch\/wp-content\/uploads\/2024\/09\/Logo_ARB-300x104.jpg 300w, https:\/\/www.rhinetalents.ch\/wp-content\/uploads\/2024\/09\/Logo_ARB-1024x356.jpg 1024w, https:\/\/www.rhinetalents.ch\/wp-content\/uploads\/2024\/09\/Logo_ARB-768x267.jpg 768w\" sizes=\"auto, (max-width: 180px) 100vw, 180px\" \/><\/a><\/td><\/tr><tr><td class=\"has-text-align-center\" data-align=\"center\"><a href=\"https:\/\/www.stiftung-cvjm.ch\/\" target=\"_blank\" rel=\"noreferrer noopener\"><img loading=\"lazy\" decoding=\"async\" width=\"150\" height=\"59\" class=\"wp-image-435\" style=\"width: 150px;\" src=\"https:\/\/www.rhinetalents.ch\/wp-content\/uploads\/2024\/11\/Stiftung-CVJM_Logo_Farbig_CMYK.jpg\" alt=\"\" srcset=\"https:\/\/www.rhinetalents.ch\/wp-content\/uploads\/2024\/11\/Stiftung-CVJM_Logo_Farbig_CMYK.jpg 1749w, https:\/\/www.rhinetalents.ch\/wp-content\/uploads\/2024\/11\/Stiftung-CVJM_Logo_Farbig_CMYK-300x118.jpg 300w, https:\/\/www.rhinetalents.ch\/wp-content\/uploads\/2024\/11\/Stiftung-CVJM_Logo_Farbig_CMYK-1024x402.jpg 1024w, https:\/\/www.rhinetalents.ch\/wp-content\/uploads\/2024\/11\/Stiftung-CVJM_Logo_Farbig_CMYK-768x302.jpg 768w, https:\/\/www.rhinetalents.ch\/wp-content\/uploads\/2024\/11\/Stiftung-CVJM_Logo_Farbig_CMYK-1536x603.jpg 1536w\" sizes=\"auto, (max-width: 150px) 100vw, 150px\" \/><\/a><\/td><td class=\"has-text-align-center\" data-align=\"center\"><br><img loading=\"lazy\" decoding=\"async\" width=\"225\" height=\"53\" class=\"wp-image-413\" style=\"width: 225px;\" src=\"https:\/\/www.rhinetalents.ch\/wp-content\/uploads\/2024\/11\/Logo.jpg\" alt=\"\" srcset=\"https:\/\/www.rhinetalents.ch\/wp-content\/uploads\/2024\/11\/Logo.jpg 568w, https:\/\/www.rhinetalents.ch\/wp-content\/uploads\/2024\/11\/Logo-300x71.jpg 300w\" sizes=\"auto, (max-width: 225px) 100vw, 225px\" \/><\/td><td class=\"has-text-align-center\" data-align=\"center\"><\/td><\/tr><\/tbody><\/table><\/figure>\n\n\n\n<p>Top-Sponsoren auf lokalhelden.ch (&gt; 500.&#8211; CHF):<\/p>\n\n\n\n<ul class=\"wp-block-list\">\n<li><strong>Elihu Parvaresh<\/strong><br><\/li>\n\n\n\n<li><strong>Visiona GmbH<\/strong> (<a href=\"http:\/\/visiona-gmbh.ch\" data-type=\"link\" data-id=\"visiona-gmbh.ch\">visiona-gmbh.ch<\/a>)<br><\/li>\n\n\n\n<li><strong>Fredy Brunner<\/strong><br><\/li>\n\n\n\n<li><strong>Katja und Ren\u00e9 Federer<\/strong><br><\/li>\n\n\n\n<li><strong>YELASAI GmbH<\/strong> (<a href=\"http:\/\/yelasai.com\" data-type=\"link\" data-id=\"yelasai.com\">yelasai.com<\/a>)<\/li>\n<\/ul>\n","protected":false},"excerpt":{"rendered":"<p>So, startete es &#8230;Bist du ein Musik-Talent? Lust auf eine besondere Herausforderung? Mit dieser Frage starteten wir die Registrierung zum Projekt &#8222;USA &#8217;25&#8220; im 2024. Innert k\u00fcrzester Zeit sind 58 Anmeldungen eingegangen und wir sind sehr stolz darauf die neue Formation RHINETALENTS vorzustellen: Das Blue Lake Fine Arts Camp ist eine amerikanische Organisation, welche sich [&hellip;]<\/p>\n","protected":false},"author":1,"featured_media":0,"parent":0,"menu_order":0,"comment_status":"closed","ping_status":"closed","template":"","meta":{"footnotes":""},"class_list":["post-49","page","type-page","status-publish","hentry"],"_links":{"self":[{"href":"https:\/\/www.rhinetalents.ch\/index.php?rest_route=\/wp\/v2\/pages\/49","targetHints":{"allow":["GET"]}}],"collection":[{"href":"https:\/\/www.rhinetalents.ch\/index.php?rest_route=\/wp\/v2\/pages"}],"about":[{"href":"https:\/\/www.rhinetalents.ch\/index.php?rest_route=\/wp\/v2\/types\/page"}],"author":[{"embeddable":true,"href":"https:\/\/www.rhinetalents.ch\/index.php?rest_route=\/wp\/v2\/users\/1"}],"replies":[{"embeddable":true,"href":"https:\/\/www.rhinetalents.ch\/index.php?rest_route=%2Fwp%2Fv2%2Fcomments&post=49"}],"version-history":[{"count":26,"href":"https:\/\/www.rhinetalents.ch\/index.php?rest_route=\/wp\/v2\/pages\/49\/revisions"}],"predecessor-version":[{"id":519,"href":"https:\/\/www.rhinetalents.ch\/index.php?rest_route=\/wp\/v2\/pages\/49\/revisions\/519"}],"wp:attachment":[{"href":"https:\/\/www.rhinetalents.ch\/index.php?rest_route=%2Fwp%2Fv2%2Fmedia&parent=49"}],"curies":[{"name":"wp","href":"https:\/\/api.w.org\/{rel}","templated":true}]}}