{"id":445,"date":"2025-03-18T17:54:13","date_gmt":"2025-03-18T17:54:13","guid":{"rendered":"https:\/\/www.rhinetalents.ch\/?page_id=445"},"modified":"2025-03-23T13:15:18","modified_gmt":"2025-03-23T13:15:18","slug":"programm-program","status":"publish","type":"page","link":"https:\/\/www.rhinetalents.ch\/?page_id=445","title":{"rendered":"Programm \/ Program"},"content":{"rendered":"\n<p>DE: Herzlich Willkommen zu unseren Konzerte. Dies ist das Repertoire 2025, inkl. weiterf\u00fchrenden Informationen zu den St\u00fccken als aufklappbarer Text. Wir w\u00fcnschen viel Freude! (\u00c4nderungen vorbehalten)<br><br>EN: Welcome to our concerts. This is the repertoire 2025, including further information on the pieces as a fold-out text. We wish you much joy! (subject to be changed)<\/p>\n\n\n\n<hr class=\"wp-block-separator has-alpha-channel-opacity\"\/>\n\n\n\n<details class=\"wp-block-details is-layout-flow wp-block-details-is-layout-flow\"><summary><strong>Solothurner Marsch (Stephan J\u00e4ggi)<\/strong><\/summary>\n<p>DE: Der Stadtmusik Solothurn zum 100-j\u00e4hrigen Bestehen gewidmet &#8211; mit Ben\u00fctzung des Solothurner-Liedes &#8217;s&#8217;isch immer e so gsi&#8216;, nach der altenglischen Melodie &#8218;Lang, lang ist es her&#8216; im Trio. <br><br>EN: Dedicated to the Stadtmusik Solothurn on the occasion of its 100th anniversary &#8211; using the Solothurn song &#8217;s&#8217;isch immer e so gsi&#8216;, based on the old English melody &#8218;Lang, lang ist es her&#8216; in the trio.<\/p>\n<\/details>\n\n\n\n<hr class=\"wp-block-separator has-alpha-channel-opacity\"\/>\n\n\n\n<details class=\"wp-block-details is-layout-flow wp-block-details-is-layout-flow\"><summary><strong>The Seventh Night of July (Itaru Sakai)<\/strong><\/summary>\n<p>DE: In Japan ist der 7. Juli ein Feiertag, der als Tanabata bekannt ist und an dem im ganzen Land gro\u00dfe Feierlichkeiten stattfinden. Der Feiertag beruht auf einer Legende \u00fcber einen jungen Mann und eine junge Frau, die durch die Milchstra\u00dfe getrennt sind und sich nur einmal im Jahr in dieser Nacht sehen k\u00f6nnen.<br><br>EN: July 7 is a public holiday in Japan called Tanabata, which is celebrated with great festivities throughout the country. It goes back to a legend according to which a young man and a young woman, who are separated from each other by the Milky Way, are only allowed to see each other on this one night.<\/p>\n<\/details>\n\n\n\n<hr class=\"wp-block-separator has-alpha-channel-opacity\"\/>\n\n\n\n<details class=\"wp-block-details is-layout-flow wp-block-details-is-layout-flow\"><summary><strong>El Cumbancero (Rafael Hernandes, arr. Naohiro Iwai)<\/strong><\/summary>\n<p>DE: Rafael H\u00e9rnandez (1892-1965) gilt als einer der gr\u00f6\u00dften, wenn nicht gar der gr\u00f6\u00dfte Komponist Puerto Ricos. Aus einer armen Familie stammend, lernte er zun\u00e4chst den Beruf eines Zigarrendrehers, studierte dann aber Musik und lernte zahlreiche Instrumente zu spielen. Nach seinem Einsatz im ersten Weltkrieg lebte und arbeitete er in den USA, in Mexiko und Puerto Rico als Musiker, Komponist, Orchesterleiter und Schauspieler. El Cumbanchero ist einer der gr\u00f6\u00dften, international bekannten Hits von H\u00e9rnandez. In dem berauschenden, anspruchsvollen Arrangement von Naohiro Iwai wird er zu einem echten Erlebnis!<br><br>EN: Rafael H\u00e9rnandez (1892-1965) is considered one of the greatest, if not the greatest composer in Puerto Rico. Coming from a poor family, he initially learned the trade of a cigar turner, but then studied music and learned to play numerous instruments. After serving in the First World War, he lived and worked in the USA, Mexico and Puerto Rico as a musician, composer, orchestra leader and actor. El Cumbanchero is one of H\u00e9rnandez&#8217;s greatest, internationally known hits. In Naohiro Iwai&#8217;s intoxicating, sophisticated arrangement, it becomes a real experience!<\/p>\n<\/details>\n\n\n\n<hr class=\"wp-block-separator has-alpha-channel-opacity\"\/>\n\n\n\n<details class=\"wp-block-details is-layout-flow wp-block-details-is-layout-flow\"><summary><strong>Man in the Ice (Otto M. Schwarz)<\/strong><\/summary>\n<p>DE: Am 19. September 1991 wurde in den \u00d6tztaler Alpen, genauer gesagt am Similaungletscher, eine mumifizierte Leiche eines Mannes gefunden. Der Gletscher hatte nach ca. 5300 Jahren einen fr\u00fchzeitlichen Menschen freigegeben, mit all seinem Hab und Gut. So waren seine Kleidungsst\u00fccke und Waffen ziemlich gut erhalten und geben uns heute eine genauere Einsicht in die damalige Zeit. Der \u00f6sterreichische Naturfilmer Kurt M\u00fcndel hat das Leben dieses Mannes nachkonstruiert und einen Film gedreht, beruhend auf Fakten, wie es damals h\u00e4tte sein k\u00f6nnen. Otto M. Schwarz nahm diese Dokumentation zum Anlass, ein Werk f\u00fcr symphonisches Blasorchester zu schreiben, um den &#8222;Mann im Eis&#8220; musikalisch wieder auferstehen zu lassen.<br><br>EN: On September 19th, 1991, a mummified corps of a man was found at the Similaun glacier in the \u00d6tzt\u00e4ler Alps. The glacier unveiled an early man after 5300 years, with all his personal belongings. His clothes and weapons were fairly well preserved and allow us today a deeper insight into that period. Austrian nature filmmaker Kurt M\u00fcndel reconstructed the life of this man and made a film, which, based on facts, shows how it might have been then. Otto M. Schwarz used this documentary as an opportunity to write a work for symphonic wind band and musically resurrect the \u201cMan in the Ice.\u201d<\/p>\n<\/details>\n\n\n\n<hr class=\"wp-block-separator has-alpha-channel-opacity\"\/>\n\n\n\n<details class=\"wp-block-details is-layout-flow wp-block-details-is-layout-flow\"><summary><strong>Sax, Wind &amp; Funk (Stefan Schwalgin)<\/strong><\/summary>\n<p>DE: \u201eEarth, Wind &amp; Fire\u201c, \u201eBlood, Sweat &amp; Tears\u201c und \u201cWeather Report\u201d \u2013 diese drei Jazz-Rock-Bands feierten in den 1970er-Jahren ihre gr\u00f6\u00dften Erfolge, und alle drei Gruppen hatten jeweils\u00a0<em>einen<\/em>, ganz gro\u00dfen Hit, den auch heute noch jeder H\u00f6rer wiedererkennt. Diese drei vom Funk-Stil durchdrungenen Superhits \u2013 n\u00e4mlich \u201eSeptember\u201c, \u201eSpinning Wheel\u201c und \u201eBirdland\u201c \u2013 werden hier in einem energiegeladenen Medley miteinander vereint. (Der Titel des Medleys, \u201eSax, Wind &amp; Funk\u201c, spielt nat\u00fcrlich auf die dreifache Aufz\u00e4hlung in den ersten beiden genannten Bandnamen an.)<br><br>EN: &#8222;Earth, Wind &amp; Fire&#8220;, &#8222;Blood, Sweat &amp; Tears&#8220; and &#8222;Weather Report&#8220; &#8211; these three jazz rock bands celebrated their greatest successes in the 1970s, and each of them had one big hit, which every listener still recognizes today. The three funk-infused super hits &#8211; namely &#8222;September&#8220;, &#8222;Spinning Wheel&#8220; and &#8222;Birdland&#8220; &#8211; are combined here in an energetic medley. (The title of the medley, &#8222;Sax, Wind &amp; Funk&#8220;, of course, refers to the first two mentioned band names.)<\/p>\n<\/details>\n\n\n\n<hr class=\"wp-block-separator has-alpha-channel-opacity\"\/>\n\n\n\n<details class=\"wp-block-details is-layout-flow wp-block-details-is-layout-flow\"><summary><strong>No Roots (Alice Merton, arr. Thiemo Kraas)<\/strong><\/summary>\n<p>DE: Die deutsch-britische Popmusikerin Alice Merton landete mit ihrer beatstarken Deb\u00fct-Single &#8222;No Roots&#8220; (Keine Wurzeln) einen echten Hit und st\u00fcrmte zun\u00e4chst die europ\u00e4ischen Charts, bevor sie auch die Hitlisten der USA eroberte. Die Tochter eines Iren und einer Deutschen ist seit ihrer Kindheit eine echte Weltenbummlerin und lebte bereits in Kanada, England und Deutschland.<br><br>EN: The German-British pop musician Alice Merton landed a real hit with her strong-beat debut single \u201cNo Roots\u201d and initially stormed the European charts before also conquering the hit lists in the USA. The daughter of an Irish father and a German mother has been a true globetrotter since childhood and has lived in Canada, England and Germany.<\/p>\n<\/details>\n\n\n\n<hr class=\"wp-block-separator has-alpha-channel-opacity\"\/>\n\n\n\n<details class=\"wp-block-details is-layout-flow wp-block-details-is-layout-flow\"><summary><strong>Gaelforce (Peter Graham)<\/strong><\/summary>\n<p>DE: Der Titel Gaelforce spielt mit den im Englischen gleich gesprochenen Worten Gael (g\u00e4lisch, in diesem Fall irisch) und Gale (Sturmwind). Der Titel kann also sowohl als &#8222;Kraft der G\u00e4len bzw. Iren&#8220;, als auch im doppelten Sinne als &#8222;Kraft des Windes bzw. der Bl\u00e4ser&#8220; verstanden werden. Graham benutzt drei alte Volkslieder, um die Klangfarben und Vielf\u00e4ltigkeiten des modernen Sinfonischen Blasorchesters auszureizen.<br><br>EN: The title Gaelforce plays with the words Gael (Gaelic, in this case Irish) and Gale (storm wind), which are pronounced the same in English. The title can therefore be understood both as \u201cforce of the Gael or Irish\u201d and in a double sense as \u201cforce of the wind or wind instruments\u201d. Graham uses three old folk songs to exploit the sound colors and diversity of the modern symphonic wind orchestra.<\/p>\n<\/details>\n\n\n\n<hr class=\"wp-block-separator has-alpha-channel-opacity\"\/>\n\n\n\n<details class=\"wp-block-details is-layout-flow wp-block-details-is-layout-flow\"><summary><strong>Adele 21 (Ong Jiin Joo)<\/strong><\/summary>\n<p>DE: Die britische Soul-S\u00e4ngerin Adele ist ein absolutes Ausnahme-Talent. Mit ihrer einzigartigen, gro\u00dfen Stimme verkaufte sie Millionen Tontr\u00e4ger und verdiente sich zahlreiche Auszeichnungen &#8211; darunter auch ein Oscar f\u00fcr ihren Bond-Song &#8222;Skyfall&#8220;. Dieses gro\u00dfartige Medley bringt drei der gr\u00f6\u00dften Hits aus den Anf\u00e4ngen ihrer Musikkarriere zusammen.<br><br>EN: British soul singer Adele is an absolutely exceptional talent. With her unique, big voice, she has sold millions of records and earned numerous awards &#8211; including an Oscar for her Bond song \u201cSkyfall\u201d. This great medley brings together three of the greatest hits from the early days of her music career.<\/p>\n<\/details>\n\n\n\n<hr class=\"wp-block-separator has-alpha-channel-opacity\"\/>\n\n\n\n<details class=\"wp-block-details is-layout-flow wp-block-details-is-layout-flow\"><summary><strong>Coldplay in Symphony (Bert Appermont)<\/strong><\/summary>\n<p>DE: Bert Appermont ist vor allem f\u00fcr seine Originalwerke f\u00fcr Band bekannt. Mit &#8218;Coldplay in Symphony&#8216; hat er seinen cineastischen, orchestralen Schreibstil mit der melodischen Genialit\u00e4t einiger der gr\u00f6\u00dften Hits von Coldplay kombiniert: &#8218;Viva La Vida&#8216;, &#8218;Sky Full of Stars&#8216;, &#8218;Clocks&#8216; und &#8218;The Scientist&#8216;. Coldplay, mit einem symphonischen Twist!<br><br>EN: Bert Appermont is mostly known for his original works for band. With \u2018Coldplay in Symphony\u2019 he has combined his cinematic, orchestral style of writing with the melodic genius of some of Coldplay\u2019s greatest hits: &#8218;Viva La Vida&#8216;, \u2018Sky Full of Stars&#8216;, \u2018Clocks\u2019 and &#8218;The Scientist\u2019. Coldplay, with a symphonic twist!<\/p>\n<\/details>\n\n\n\n<hr class=\"wp-block-separator has-alpha-channel-opacity\"\/>\n\n\n\n\n\n<p>  <\/p>\n\n\n\n<p>proudly presented by our sponsors:<\/p>\n\n\n\n<figure class=\"wp-block-table\"><table><tbody><tr><td class=\"has-text-align-center\" data-align=\"center\"><a href=\"http:\/\/sfs.ch\" target=\"_blank\" rel=\"noreferrer noopener\"><img loading=\"lazy\" decoding=\"async\" width=\"150\" height=\"75\" class=\"wp-image-246\" style=\"width: 150px;\" src=\"https:\/\/www.rhinetalents.ch\/wp-content\/uploads\/2024\/08\/Logo_SFS.jpg\" alt=\"\" srcset=\"https:\/\/www.rhinetalents.ch\/wp-content\/uploads\/2024\/08\/Logo_SFS.jpg 1181w, https:\/\/www.rhinetalents.ch\/wp-content\/uploads\/2024\/08\/Logo_SFS-300x150.jpg 300w, https:\/\/www.rhinetalents.ch\/wp-content\/uploads\/2024\/08\/Logo_SFS-1024x512.jpg 1024w, https:\/\/www.rhinetalents.ch\/wp-content\/uploads\/2024\/08\/Logo_SFS-768x384.jpg 768w\" sizes=\"auto, (max-width: 150px) 100vw, 150px\" \/><\/a><\/td><td class=\"has-text-align-center\" data-align=\"center\"><a href=\"http:\/\/www.rheintalerkulturstiftung.ch\" target=\"_blank\" rel=\"noreferrer noopener\"><img loading=\"lazy\" decoding=\"async\" width=\"225\" height=\"57\" class=\"wp-image-248\" style=\"width: 225px;\" src=\"https:\/\/www.rhinetalents.ch\/wp-content\/uploads\/2024\/08\/rhe_kultur_cmyk.jpg\" alt=\"\" srcset=\"https:\/\/www.rhinetalents.ch\/wp-content\/uploads\/2024\/08\/rhe_kultur_cmyk.jpg 815w, https:\/\/www.rhinetalents.ch\/wp-content\/uploads\/2024\/08\/rhe_kultur_cmyk-300x75.jpg 300w, https:\/\/www.rhinetalents.ch\/wp-content\/uploads\/2024\/08\/rhe_kultur_cmyk-768x193.jpg 768w\" sizes=\"auto, (max-width: 225px) 100vw, 225px\" \/><\/a><\/td><td class=\"has-text-align-center\" data-align=\"center\"><img loading=\"lazy\" decoding=\"async\" width=\"180\" height=\"90\" class=\"wp-image-306\" style=\"width: 180px;\" src=\"https:\/\/www.rhinetalents.ch\/wp-content\/uploads\/2024\/08\/Jugend-Musik-Logo.png\" alt=\"\" srcset=\"https:\/\/www.rhinetalents.ch\/wp-content\/uploads\/2024\/08\/Jugend-Musik-Logo.png 788w, https:\/\/www.rhinetalents.ch\/wp-content\/uploads\/2024\/08\/Jugend-Musik-Logo-300x150.png 300w, https:\/\/www.rhinetalents.ch\/wp-content\/uploads\/2024\/08\/Jugend-Musik-Logo-768x384.png 768w\" sizes=\"auto, (max-width: 180px) 100vw, 180px\" \/><\/td><\/tr><tr><td class=\"has-text-align-center\" data-align=\"center\"><a href=\"http:\/\/www.lienhart-stiftung.ch\" target=\"_blank\" rel=\"noreferrer noopener\"><img loading=\"lazy\" decoding=\"async\" width=\"210\" height=\"91\" class=\"wp-image-256\" style=\"width: 210px;\" src=\"https:\/\/www.rhinetalents.ch\/wp-content\/uploads\/2024\/08\/Lienhard-Stiftung-Logo-JPEG-nur-Logo_cut.jpg\" alt=\"\" srcset=\"https:\/\/www.rhinetalents.ch\/wp-content\/uploads\/2024\/08\/Lienhard-Stiftung-Logo-JPEG-nur-Logo_cut.jpg 490w, https:\/\/www.rhinetalents.ch\/wp-content\/uploads\/2024\/08\/Lienhard-Stiftung-Logo-JPEG-nur-Logo_cut-300x130.jpg 300w\" sizes=\"auto, (max-width: 210px) 100vw, 210px\" \/><\/a><\/td><td class=\"has-text-align-center\" data-align=\"center\"><a href=\"http:\/\/raiffeisen.ch\" target=\"_blank\" rel=\"noreferrer noopener\"><img loading=\"lazy\" decoding=\"async\" width=\"200\" height=\"29\" class=\"wp-image-330\" style=\"width: 200px;\" src=\"https:\/\/www.rhinetalents.ch\/wp-content\/uploads\/2024\/08\/raiffeisen.png\" alt=\"\"><\/a><\/td><td class=\"has-text-align-center\" data-align=\"center\"><a href=\"http:\/\/www.migros.ch\" target=\"_blank\" rel=\"noreferrer noopener\"><img loading=\"lazy\" decoding=\"async\" width=\"240\" height=\"55\" class=\"wp-image-255\" style=\"width: 240px;\" src=\"https:\/\/www.rhinetalents.ch\/wp-content\/uploads\/2024\/08\/Logo_FGE_MK_rgb_300dpi_DE.png\" alt=\"\" srcset=\"https:\/\/www.rhinetalents.ch\/wp-content\/uploads\/2024\/08\/Logo_FGE_MK_rgb_300dpi_DE.png 6158w, https:\/\/www.rhinetalents.ch\/wp-content\/uploads\/2024\/08\/Logo_FGE_MK_rgb_300dpi_DE-300x69.png 300w, https:\/\/www.rhinetalents.ch\/wp-content\/uploads\/2024\/08\/Logo_FGE_MK_rgb_300dpi_DE-1024x236.png 1024w, https:\/\/www.rhinetalents.ch\/wp-content\/uploads\/2024\/08\/Logo_FGE_MK_rgb_300dpi_DE-768x177.png 768w, https:\/\/www.rhinetalents.ch\/wp-content\/uploads\/2024\/08\/Logo_FGE_MK_rgb_300dpi_DE-1536x353.png 1536w, https:\/\/www.rhinetalents.ch\/wp-content\/uploads\/2024\/08\/Logo_FGE_MK_rgb_300dpi_DE-2048x471.png 2048w\" sizes=\"auto, (max-width: 240px) 100vw, 240px\" \/><\/a><\/td><\/tr><tr><td class=\"has-text-align-center\" data-align=\"center\"><a href=\"http:\/\/helvetia.ch\" target=\"_blank\" rel=\"noreferrer noopener\"><img loading=\"lazy\" decoding=\"async\" width=\"200\" height=\"72\" class=\"wp-image-328\" style=\"width: 200px;\" src=\"https:\/\/www.rhinetalents.ch\/wp-content\/uploads\/2024\/08\/idea-helvetia.png\" alt=\"\" srcset=\"https:\/\/www.rhinetalents.ch\/wp-content\/uploads\/2024\/08\/idea-helvetia.png 1054w, https:\/\/www.rhinetalents.ch\/wp-content\/uploads\/2024\/08\/idea-helvetia-300x108.png 300w, https:\/\/www.rhinetalents.ch\/wp-content\/uploads\/2024\/08\/idea-helvetia-1024x369.png 1024w, https:\/\/www.rhinetalents.ch\/wp-content\/uploads\/2024\/08\/idea-helvetia-768x277.png 768w\" sizes=\"auto, (max-width: 200px) 100vw, 200px\" \/><\/a><\/td><td class=\"has-text-align-center\" data-align=\"center\"><a href=\"https:\/\/peter-heule-stiftung.ch\/\" target=\"_blank\" rel=\"noreferrer noopener\"><img loading=\"lazy\" decoding=\"async\" width=\"190\" height=\"65\" class=\"wp-image-329\" style=\"width: 190px;\" src=\"https:\/\/www.rhinetalents.ch\/wp-content\/uploads\/2024\/08\/PeterHeuleStiftung.png\" alt=\"\" srcset=\"https:\/\/www.rhinetalents.ch\/wp-content\/uploads\/2024\/08\/PeterHeuleStiftung.png 670w, https:\/\/www.rhinetalents.ch\/wp-content\/uploads\/2024\/08\/PeterHeuleStiftung-300x102.png 300w\" sizes=\"auto, (max-width: 190px) 100vw, 190px\" \/><\/a><\/td><td class=\"has-text-align-center\" data-align=\"center\"><strong>ARNOLD BILLWILLER <\/strong><br><strong>STIFTUNG<\/strong><\/td><\/tr><tr><td class=\"has-text-align-center\" data-align=\"center\"><a href=\"https:\/\/bienebank.clientis.ch\/\" target=\"_blank\" rel=\"noreferrer noopener\"><img loading=\"lazy\" decoding=\"async\" width=\"180\" height=\"85\" class=\"wp-image-354\" style=\"width: 180px;\" src=\"https:\/\/www.rhinetalents.ch\/wp-content\/uploads\/2024\/09\/bbr-logo-3z-cmyk.jpg\" alt=\"\" srcset=\"https:\/\/www.rhinetalents.ch\/wp-content\/uploads\/2024\/09\/bbr-logo-3z-cmyk.jpg 411w, https:\/\/www.rhinetalents.ch\/wp-content\/uploads\/2024\/09\/bbr-logo-3z-cmyk-300x142.jpg 300w\" sizes=\"auto, (max-width: 180px) 100vw, 180px\" \/><\/a><\/td><td class=\"has-text-align-center\" data-align=\"center\"><a href=\"http:\/\/sgkb.ch\" data-type=\"link\" data-id=\"sgkb.ch\" target=\"_blank\" rel=\"noreferrer noopener\"><img loading=\"lazy\" decoding=\"async\" width=\"210\" height=\"41\" class=\"wp-image-359\" style=\"width: 210px;\" src=\"https:\/\/www.rhinetalents.ch\/wp-content\/uploads\/2024\/09\/logo-sgkb.webp\" alt=\"\" srcset=\"https:\/\/www.rhinetalents.ch\/wp-content\/uploads\/2024\/09\/logo-sgkb.webp 989w, https:\/\/www.rhinetalents.ch\/wp-content\/uploads\/2024\/09\/logo-sgkb-300x59.webp 300w, https:\/\/www.rhinetalents.ch\/wp-content\/uploads\/2024\/09\/logo-sgkb-768x151.webp 768w\" sizes=\"auto, (max-width: 210px) 100vw, 210px\" \/><\/a><\/td><td class=\"has-text-align-center\" data-align=\"center\"><a href=\"https:\/\/www.alpharheintalbank.ch\/\" target=\"_blank\" rel=\"noreferrer noopener\"><img loading=\"lazy\" decoding=\"async\" width=\"180\" height=\"63\" class=\"wp-image-391\" style=\"width: 180px;\" src=\"https:\/\/www.rhinetalents.ch\/wp-content\/uploads\/2024\/09\/Logo_ARB.jpg\" alt=\"\" srcset=\"https:\/\/www.rhinetalents.ch\/wp-content\/uploads\/2024\/09\/Logo_ARB.jpg 1368w, https:\/\/www.rhinetalents.ch\/wp-content\/uploads\/2024\/09\/Logo_ARB-300x104.jpg 300w, https:\/\/www.rhinetalents.ch\/wp-content\/uploads\/2024\/09\/Logo_ARB-1024x356.jpg 1024w, https:\/\/www.rhinetalents.ch\/wp-content\/uploads\/2024\/09\/Logo_ARB-768x267.jpg 768w\" sizes=\"auto, (max-width: 180px) 100vw, 180px\" \/><\/a><\/td><\/tr><tr><td class=\"has-text-align-center\" data-align=\"center\"><a href=\"https:\/\/www.stiftung-cvjm.ch\/\" target=\"_blank\" rel=\"noreferrer noopener\"><img loading=\"lazy\" decoding=\"async\" width=\"150\" height=\"59\" class=\"wp-image-435\" style=\"width: 150px;\" src=\"https:\/\/www.rhinetalents.ch\/wp-content\/uploads\/2024\/11\/Stiftung-CVJM_Logo_Farbig_CMYK.jpg\" alt=\"\" srcset=\"https:\/\/www.rhinetalents.ch\/wp-content\/uploads\/2024\/11\/Stiftung-CVJM_Logo_Farbig_CMYK.jpg 1749w, https:\/\/www.rhinetalents.ch\/wp-content\/uploads\/2024\/11\/Stiftung-CVJM_Logo_Farbig_CMYK-300x118.jpg 300w, https:\/\/www.rhinetalents.ch\/wp-content\/uploads\/2024\/11\/Stiftung-CVJM_Logo_Farbig_CMYK-1024x402.jpg 1024w, https:\/\/www.rhinetalents.ch\/wp-content\/uploads\/2024\/11\/Stiftung-CVJM_Logo_Farbig_CMYK-768x302.jpg 768w, https:\/\/www.rhinetalents.ch\/wp-content\/uploads\/2024\/11\/Stiftung-CVJM_Logo_Farbig_CMYK-1536x603.jpg 1536w\" sizes=\"auto, (max-width: 150px) 100vw, 150px\" \/><\/a><\/td><td class=\"has-text-align-center\" data-align=\"center\"><img loading=\"lazy\" decoding=\"async\" width=\"225\" height=\"53\" class=\"wp-image-413\" style=\"width: 225px;\" src=\"https:\/\/www.rhinetalents.ch\/wp-content\/uploads\/2024\/11\/Logo.jpg\" alt=\"\" srcset=\"https:\/\/www.rhinetalents.ch\/wp-content\/uploads\/2024\/11\/Logo.jpg 568w, https:\/\/www.rhinetalents.ch\/wp-content\/uploads\/2024\/11\/Logo-300x71.jpg 300w\" sizes=\"auto, (max-width: 225px) 100vw, 225px\" \/><\/td><td class=\"has-text-align-center\" data-align=\"center\"><\/td><\/tr><\/tbody><\/table><\/figure>\n\n\n\n<p><\/p>\n\n\n","protected":false},"excerpt":{"rendered":"<p>DE: Herzlich Willkommen zu unseren Konzerte. Dies ist das Repertoire 2025, inkl. weiterf\u00fchrenden Informationen zu den St\u00fccken als aufklappbarer Text. Wir w\u00fcnschen viel Freude! (\u00c4nderungen vorbehalten) EN: Welcome to our concerts. This is the repertoire 2025, including further information on the pieces as a fold-out text. We wish you much joy! (subject to be changed) [&hellip;]<\/p>\n","protected":false},"author":1,"featured_media":0,"parent":0,"menu_order":0,"comment_status":"closed","ping_status":"closed","template":"","meta":{"footnotes":""},"class_list":["post-445","page","type-page","status-publish","hentry"],"_links":{"self":[{"href":"https:\/\/www.rhinetalents.ch\/index.php?rest_route=\/wp\/v2\/pages\/445","targetHints":{"allow":["GET"]}}],"collection":[{"href":"https:\/\/www.rhinetalents.ch\/index.php?rest_route=\/wp\/v2\/pages"}],"about":[{"href":"https:\/\/www.rhinetalents.ch\/index.php?rest_route=\/wp\/v2\/types\/page"}],"author":[{"embeddable":true,"href":"https:\/\/www.rhinetalents.ch\/index.php?rest_route=\/wp\/v2\/users\/1"}],"replies":[{"embeddable":true,"href":"https:\/\/www.rhinetalents.ch\/index.php?rest_route=%2Fwp%2Fv2%2Fcomments&post=445"}],"version-history":[{"count":17,"href":"https:\/\/www.rhinetalents.ch\/index.php?rest_route=\/wp\/v2\/pages\/445\/revisions"}],"predecessor-version":[{"id":475,"href":"https:\/\/www.rhinetalents.ch\/index.php?rest_route=\/wp\/v2\/pages\/445\/revisions\/475"}],"wp:attachment":[{"href":"https:\/\/www.rhinetalents.ch\/index.php?rest_route=%2Fwp%2Fv2%2Fmedia&parent=445"}],"curies":[{"name":"wp","href":"https:\/\/api.w.org\/{rel}","templated":true}]}}