{"id":169,"date":"2024-06-06T20:00:43","date_gmt":"2024-06-06T20:00:43","guid":{"rendered":"https:\/\/www.rhinetalents.ch\/?page_id=169"},"modified":"2024-11-26T21:04:54","modified_gmt":"2024-11-26T21:04:54","slug":"sponsoring","status":"publish","type":"page","link":"https:\/\/www.rhinetalents.ch\/?page_id=169","title":{"rendered":"Sponsoring"},"content":{"rendered":"\n<p>Sch\u00f6n, dass Sie den Weg zu uns gefunden haben und sich \u00fcberlegen das Projekt &#8222;USA &#8217;25&#8220; zu unterst\u00fctzen. Unser Projekt hat insbesondere aufgrund der Transport- und Logistikkosten einen hohen Finanzbedarf. In Zusammenarbeit mit Raiffeisen Schweiz konnten wir die Angebote auf <a href=\"https:\/\/www.lokalhelden.ch\/blasmusiktalente\">lokalhelden.ch &#8211; Crowdfunding | RhineTalents Angebot<\/a> publizieren und freuen uns auf Ihren Beitrag. Nat\u00fcrlich steht es Freunden \/ Bekannten auch frei sich an den Reisekosten der Teilnehmenden direkt zu beteiligen.<\/p>\n\n\n\n<figure class=\"wp-block-table\"><table><tbody><tr><td class=\"has-text-align-center\" data-align=\"center\"><a href=\"http:\/\/sfs.ch\" target=\"_blank\" rel=\"noreferrer noopener\"><img loading=\"lazy\" decoding=\"async\" width=\"150\" height=\"75\" class=\"wp-image-246\" style=\"width: 150px;\" src=\"https:\/\/www.rhinetalents.ch\/wp-content\/uploads\/2024\/08\/Logo_SFS.jpg\" alt=\"\" srcset=\"https:\/\/www.rhinetalents.ch\/wp-content\/uploads\/2024\/08\/Logo_SFS.jpg 1181w, https:\/\/www.rhinetalents.ch\/wp-content\/uploads\/2024\/08\/Logo_SFS-300x150.jpg 300w, https:\/\/www.rhinetalents.ch\/wp-content\/uploads\/2024\/08\/Logo_SFS-1024x512.jpg 1024w, https:\/\/www.rhinetalents.ch\/wp-content\/uploads\/2024\/08\/Logo_SFS-768x384.jpg 768w\" sizes=\"auto, (max-width: 150px) 100vw, 150px\" \/><\/a><\/td><td class=\"has-text-align-center\" data-align=\"center\"><a href=\"http:\/\/www.rheintalerkulturstiftung.ch\" target=\"_blank\" rel=\"noreferrer noopener\"><img loading=\"lazy\" decoding=\"async\" width=\"225\" height=\"57\" class=\"wp-image-248\" style=\"width: 225px;\" src=\"https:\/\/www.rhinetalents.ch\/wp-content\/uploads\/2024\/08\/rhe_kultur_cmyk.jpg\" alt=\"\" srcset=\"https:\/\/www.rhinetalents.ch\/wp-content\/uploads\/2024\/08\/rhe_kultur_cmyk.jpg 815w, https:\/\/www.rhinetalents.ch\/wp-content\/uploads\/2024\/08\/rhe_kultur_cmyk-300x75.jpg 300w, https:\/\/www.rhinetalents.ch\/wp-content\/uploads\/2024\/08\/rhe_kultur_cmyk-768x193.jpg 768w\" sizes=\"auto, (max-width: 225px) 100vw, 225px\" \/><\/a><\/td><td class=\"has-text-align-center\" data-align=\"center\"><img loading=\"lazy\" decoding=\"async\" width=\"180\" height=\"90\" class=\"wp-image-306\" style=\"width: 180px;\" src=\"https:\/\/www.rhinetalents.ch\/wp-content\/uploads\/2024\/08\/Jugend-Musik-Logo.png\" alt=\"\" srcset=\"https:\/\/www.rhinetalents.ch\/wp-content\/uploads\/2024\/08\/Jugend-Musik-Logo.png 788w, https:\/\/www.rhinetalents.ch\/wp-content\/uploads\/2024\/08\/Jugend-Musik-Logo-300x150.png 300w, https:\/\/www.rhinetalents.ch\/wp-content\/uploads\/2024\/08\/Jugend-Musik-Logo-768x384.png 768w\" sizes=\"auto, (max-width: 180px) 100vw, 180px\" \/><\/td><\/tr><tr><td class=\"has-text-align-center\" data-align=\"center\"><a href=\"http:\/\/www.lienhart-stiftung.ch\" target=\"_blank\" rel=\"noreferrer noopener\"><img loading=\"lazy\" decoding=\"async\" width=\"210\" height=\"91\" class=\"wp-image-256\" style=\"width: 210px;\" src=\"https:\/\/www.rhinetalents.ch\/wp-content\/uploads\/2024\/08\/Lienhard-Stiftung-Logo-JPEG-nur-Logo_cut.jpg\" alt=\"\" srcset=\"https:\/\/www.rhinetalents.ch\/wp-content\/uploads\/2024\/08\/Lienhard-Stiftung-Logo-JPEG-nur-Logo_cut.jpg 490w, https:\/\/www.rhinetalents.ch\/wp-content\/uploads\/2024\/08\/Lienhard-Stiftung-Logo-JPEG-nur-Logo_cut-300x130.jpg 300w\" sizes=\"auto, (max-width: 210px) 100vw, 210px\" \/><\/a><\/td><td class=\"has-text-align-center\" data-align=\"center\"><a href=\"http:\/\/raiffeisen.ch\" target=\"_blank\" rel=\"noreferrer noopener\"><img loading=\"lazy\" decoding=\"async\" width=\"200\" height=\"29\" class=\"wp-image-330\" style=\"width: 200px;\" src=\"https:\/\/www.rhinetalents.ch\/wp-content\/uploads\/2024\/08\/raiffeisen.png\" alt=\"\"><\/a><\/td><td class=\"has-text-align-center\" data-align=\"center\"><a href=\"http:\/\/www.migros.ch\" target=\"_blank\" rel=\"noreferrer noopener\"><img loading=\"lazy\" decoding=\"async\" width=\"240\" height=\"55\" class=\"wp-image-255\" style=\"width: 240px;\" src=\"https:\/\/www.rhinetalents.ch\/wp-content\/uploads\/2024\/08\/Logo_FGE_MK_rgb_300dpi_DE.png\" alt=\"\" srcset=\"https:\/\/www.rhinetalents.ch\/wp-content\/uploads\/2024\/08\/Logo_FGE_MK_rgb_300dpi_DE.png 6158w, https:\/\/www.rhinetalents.ch\/wp-content\/uploads\/2024\/08\/Logo_FGE_MK_rgb_300dpi_DE-300x69.png 300w, https:\/\/www.rhinetalents.ch\/wp-content\/uploads\/2024\/08\/Logo_FGE_MK_rgb_300dpi_DE-1024x236.png 1024w, https:\/\/www.rhinetalents.ch\/wp-content\/uploads\/2024\/08\/Logo_FGE_MK_rgb_300dpi_DE-768x177.png 768w, https:\/\/www.rhinetalents.ch\/wp-content\/uploads\/2024\/08\/Logo_FGE_MK_rgb_300dpi_DE-1536x353.png 1536w, https:\/\/www.rhinetalents.ch\/wp-content\/uploads\/2024\/08\/Logo_FGE_MK_rgb_300dpi_DE-2048x471.png 2048w\" sizes=\"auto, (max-width: 240px) 100vw, 240px\" \/><\/a><\/td><\/tr><tr><td class=\"has-text-align-center\" data-align=\"center\"><a href=\"http:\/\/helvetia.ch\" target=\"_blank\" rel=\"noreferrer noopener\"><img loading=\"lazy\" decoding=\"async\" width=\"200\" height=\"72\" class=\"wp-image-328\" style=\"width: 200px;\" src=\"https:\/\/www.rhinetalents.ch\/wp-content\/uploads\/2024\/08\/idea-helvetia.png\" alt=\"\" srcset=\"https:\/\/www.rhinetalents.ch\/wp-content\/uploads\/2024\/08\/idea-helvetia.png 1054w, https:\/\/www.rhinetalents.ch\/wp-content\/uploads\/2024\/08\/idea-helvetia-300x108.png 300w, https:\/\/www.rhinetalents.ch\/wp-content\/uploads\/2024\/08\/idea-helvetia-1024x369.png 1024w, https:\/\/www.rhinetalents.ch\/wp-content\/uploads\/2024\/08\/idea-helvetia-768x277.png 768w\" sizes=\"auto, (max-width: 200px) 100vw, 200px\" \/><\/a><\/td><td class=\"has-text-align-center\" data-align=\"center\"><a href=\"https:\/\/peter-heule-stiftung.ch\/\" target=\"_blank\" rel=\"noreferrer noopener\"><img loading=\"lazy\" decoding=\"async\" width=\"190\" height=\"65\" class=\"wp-image-329\" style=\"width: 190px;\" src=\"https:\/\/www.rhinetalents.ch\/wp-content\/uploads\/2024\/08\/PeterHeuleStiftung.png\" alt=\"\" srcset=\"https:\/\/www.rhinetalents.ch\/wp-content\/uploads\/2024\/08\/PeterHeuleStiftung.png 670w, https:\/\/www.rhinetalents.ch\/wp-content\/uploads\/2024\/08\/PeterHeuleStiftung-300x102.png 300w\" sizes=\"auto, (max-width: 190px) 100vw, 190px\" \/><\/a><\/td><td class=\"has-text-align-center\" data-align=\"center\"><a href=\"https:\/\/rotary-rheintal.ch\/\" data-type=\"link\" data-id=\"https:\/\/rotary-rheintal.ch\/\" target=\"_blank\" rel=\"noreferrer noopener\"><img loading=\"lazy\" decoding=\"async\" width=\"125\" height=\"125\" class=\"wp-image-344\" style=\"width: 125px;\" src=\"https:\/\/www.rhinetalents.ch\/wp-content\/uploads\/2024\/09\/5873_PNG_fuer__Word-Dokumente_Praesentationen_und_Web_AdditionalFile.png\" alt=\"\" srcset=\"https:\/\/www.rhinetalents.ch\/wp-content\/uploads\/2024\/09\/5873_PNG_fuer__Word-Dokumente_Praesentationen_und_Web_AdditionalFile.png 1050w, https:\/\/www.rhinetalents.ch\/wp-content\/uploads\/2024\/09\/5873_PNG_fuer__Word-Dokumente_Praesentationen_und_Web_AdditionalFile-300x300.png 300w, https:\/\/www.rhinetalents.ch\/wp-content\/uploads\/2024\/09\/5873_PNG_fuer__Word-Dokumente_Praesentationen_und_Web_AdditionalFile-1024x1024.png 1024w, https:\/\/www.rhinetalents.ch\/wp-content\/uploads\/2024\/09\/5873_PNG_fuer__Word-Dokumente_Praesentationen_und_Web_AdditionalFile-150x150.png 150w, https:\/\/www.rhinetalents.ch\/wp-content\/uploads\/2024\/09\/5873_PNG_fuer__Word-Dokumente_Praesentationen_und_Web_AdditionalFile-768x768.png 768w\" sizes=\"auto, (max-width: 125px) 100vw, 125px\" \/><\/a><\/td><\/tr><tr><td class=\"has-text-align-center\" data-align=\"center\"><a href=\"https:\/\/www.vatvalve.com\/de\" target=\"_blank\" rel=\"noreferrer noopener\"><img loading=\"lazy\" decoding=\"async\" width=\"150\" height=\"54\" class=\"wp-image-386\" style=\"width: 150px;\" src=\"https:\/\/www.rhinetalents.ch\/wp-content\/uploads\/2024\/09\/VAT_Logo_PPP_RGB-1.jpg\" alt=\"\" srcset=\"https:\/\/www.rhinetalents.ch\/wp-content\/uploads\/2024\/09\/VAT_Logo_PPP_RGB-1.jpg 1209w, https:\/\/www.rhinetalents.ch\/wp-content\/uploads\/2024\/09\/VAT_Logo_PPP_RGB-1-300x109.jpg 300w, https:\/\/www.rhinetalents.ch\/wp-content\/uploads\/2024\/09\/VAT_Logo_PPP_RGB-1-1024x371.jpg 1024w, https:\/\/www.rhinetalents.ch\/wp-content\/uploads\/2024\/09\/VAT_Logo_PPP_RGB-1-768x278.jpg 768w\" sizes=\"auto, (max-width: 150px) 100vw, 150px\" \/><\/a><\/td><td class=\"has-text-align-center\" data-align=\"center\"><a href=\"http:\/\/sgkb.ch\" data-type=\"link\" data-id=\"sgkb.ch\" target=\"_blank\" rel=\"noreferrer noopener\"><img loading=\"lazy\" decoding=\"async\" width=\"210\" height=\"41\" class=\"wp-image-359\" style=\"width: 210px;\" src=\"https:\/\/www.rhinetalents.ch\/wp-content\/uploads\/2024\/09\/logo-sgkb.webp\" alt=\"\" srcset=\"https:\/\/www.rhinetalents.ch\/wp-content\/uploads\/2024\/09\/logo-sgkb.webp 989w, https:\/\/www.rhinetalents.ch\/wp-content\/uploads\/2024\/09\/logo-sgkb-300x59.webp 300w, https:\/\/www.rhinetalents.ch\/wp-content\/uploads\/2024\/09\/logo-sgkb-768x151.webp 768w\" sizes=\"auto, (max-width: 210px) 100vw, 210px\" \/><\/a><\/td><td class=\"has-text-align-center\" data-align=\"center\"><strong>ARNOLD BILLWILLER <\/strong><br><strong>STIFTUNG<\/strong><\/td><\/tr><tr><td class=\"has-text-align-center\" data-align=\"center\"><a href=\"https:\/\/bienebank.clientis.ch\/\" target=\"_blank\" rel=\"noreferrer noopener\"><img loading=\"lazy\" decoding=\"async\" width=\"180\" height=\"85\" class=\"wp-image-354\" style=\"width: 180px;\" src=\"https:\/\/www.rhinetalents.ch\/wp-content\/uploads\/2024\/09\/bbr-logo-3z-cmyk.jpg\" alt=\"\" srcset=\"https:\/\/www.rhinetalents.ch\/wp-content\/uploads\/2024\/09\/bbr-logo-3z-cmyk.jpg 411w, https:\/\/www.rhinetalents.ch\/wp-content\/uploads\/2024\/09\/bbr-logo-3z-cmyk-300x142.jpg 300w\" sizes=\"auto, (max-width: 180px) 100vw, 180px\" \/><\/a><\/td><td class=\"has-text-align-center\" data-align=\"center\"><a href=\"https:\/\/rheintal.lionsclub.ch\/de\/\" target=\"_blank\" rel=\"noreferrer noopener\"><img loading=\"lazy\" decoding=\"async\" width=\"150\" height=\"90\" class=\"wp-image-379\" style=\"width: 150px;\" src=\"https:\/\/www.rhinetalents.ch\/wp-content\/uploads\/2024\/09\/Logo_Lions_Club_Rheintal.png\" alt=\"\" srcset=\"https:\/\/www.rhinetalents.ch\/wp-content\/uploads\/2024\/09\/Logo_Lions_Club_Rheintal.png 4000w, https:\/\/www.rhinetalents.ch\/wp-content\/uploads\/2024\/09\/Logo_Lions_Club_Rheintal-300x181.png 300w, https:\/\/www.rhinetalents.ch\/wp-content\/uploads\/2024\/09\/Logo_Lions_Club_Rheintal-1024x618.png 1024w, https:\/\/www.rhinetalents.ch\/wp-content\/uploads\/2024\/09\/Logo_Lions_Club_Rheintal-768x463.png 768w, https:\/\/www.rhinetalents.ch\/wp-content\/uploads\/2024\/09\/Logo_Lions_Club_Rheintal-1536x927.png 1536w, https:\/\/www.rhinetalents.ch\/wp-content\/uploads\/2024\/09\/Logo_Lions_Club_Rheintal-2048x1235.png 2048w\" sizes=\"auto, (max-width: 150px) 100vw, 150px\" \/><\/a><\/td><td class=\"has-text-align-center\" data-align=\"center\"><a href=\"https:\/\/www.alpharheintalbank.ch\/\" target=\"_blank\" rel=\"noreferrer noopener\"><img loading=\"lazy\" decoding=\"async\" width=\"180\" height=\"63\" class=\"wp-image-391\" style=\"width: 180px;\" src=\"https:\/\/www.rhinetalents.ch\/wp-content\/uploads\/2024\/09\/Logo_ARB.jpg\" alt=\"\" srcset=\"https:\/\/www.rhinetalents.ch\/wp-content\/uploads\/2024\/09\/Logo_ARB.jpg 1368w, https:\/\/www.rhinetalents.ch\/wp-content\/uploads\/2024\/09\/Logo_ARB-300x104.jpg 300w, https:\/\/www.rhinetalents.ch\/wp-content\/uploads\/2024\/09\/Logo_ARB-1024x356.jpg 1024w, https:\/\/www.rhinetalents.ch\/wp-content\/uploads\/2024\/09\/Logo_ARB-768x267.jpg 768w\" sizes=\"auto, (max-width: 180px) 100vw, 180px\" \/><\/a><\/td><\/tr><tr><td class=\"has-text-align-center\" data-align=\"center\"><a href=\"https:\/\/www.stiftung-cvjm.ch\/\" target=\"_blank\" rel=\"noreferrer noopener\"><img loading=\"lazy\" decoding=\"async\" width=\"150\" height=\"59\" class=\"wp-image-435\" style=\"width: 150px;\" src=\"https:\/\/www.rhinetalents.ch\/wp-content\/uploads\/2024\/11\/Stiftung-CVJM_Logo_Farbig_CMYK.jpg\" alt=\"\" srcset=\"https:\/\/www.rhinetalents.ch\/wp-content\/uploads\/2024\/11\/Stiftung-CVJM_Logo_Farbig_CMYK.jpg 1749w, https:\/\/www.rhinetalents.ch\/wp-content\/uploads\/2024\/11\/Stiftung-CVJM_Logo_Farbig_CMYK-300x118.jpg 300w, https:\/\/www.rhinetalents.ch\/wp-content\/uploads\/2024\/11\/Stiftung-CVJM_Logo_Farbig_CMYK-1024x402.jpg 1024w, https:\/\/www.rhinetalents.ch\/wp-content\/uploads\/2024\/11\/Stiftung-CVJM_Logo_Farbig_CMYK-768x302.jpg 768w, https:\/\/www.rhinetalents.ch\/wp-content\/uploads\/2024\/11\/Stiftung-CVJM_Logo_Farbig_CMYK-1536x603.jpg 1536w\" sizes=\"auto, (max-width: 150px) 100vw, 150px\" \/><\/a><\/td><td class=\"has-text-align-center\" data-align=\"center\"><br><img loading=\"lazy\" decoding=\"async\" width=\"225\" height=\"53\" class=\"wp-image-413\" style=\"width: 225px;\" src=\"https:\/\/www.rhinetalents.ch\/wp-content\/uploads\/2024\/11\/Logo.jpg\" alt=\"\" srcset=\"https:\/\/www.rhinetalents.ch\/wp-content\/uploads\/2024\/11\/Logo.jpg 568w, https:\/\/www.rhinetalents.ch\/wp-content\/uploads\/2024\/11\/Logo-300x71.jpg 300w\" sizes=\"auto, (max-width: 225px) 100vw, 225px\" \/><\/td><td class=\"has-text-align-center\" data-align=\"center\"><\/td><\/tr><\/tbody><\/table><\/figure>\n\n\n\n<p>Top-Sponsoren auf lokalhelden.ch (&gt; 500.&#8211; CHF):<\/p>\n\n\n\n<ul class=\"wp-block-list\">\n<li><strong>Elihu Parvaresh<\/strong><br><\/li>\n\n\n\n<li><strong>Visiona GmbH<\/strong> (<a href=\"http:\/\/visiona-gmbh.ch\" data-type=\"link\" data-id=\"visiona-gmbh.ch\">visiona-gmbh.ch<\/a>)<br><\/li>\n\n\n\n<li><strong>Fredy Brunner<\/strong><br><\/li>\n\n\n\n<li><strong>Katja und Ren\u00e9 Federer<\/strong><br><\/li>\n\n\n\n<li><strong>YELASAI GmbH<\/strong> (<a href=\"http:\/\/yelasai.com\" data-type=\"link\" data-id=\"yelasai.com\">yelasai.com<\/a>)<\/li>\n<\/ul>\n\n\n\n<p>Als Unternehmen haben sie vielleicht weitere \u00dcberlegungen\/Vorschl\u00e4ge zur Unterst\u00fctzung unseres Vorhabens. Wir freuen uns von ihren Ideen zu erfahren und unser Sponsoring-Verantwortlicher, Rolf Frei, nimmt gerne mit Ihnen Kontakt auf, um die Details zu besprechen.<\/p>\n","protected":false},"excerpt":{"rendered":"<p>Sch\u00f6n, dass Sie den Weg zu uns gefunden haben und sich \u00fcberlegen das Projekt &#8222;USA &#8217;25&#8220; zu unterst\u00fctzen. Unser Projekt hat insbesondere aufgrund der Transport- und Logistikkosten einen hohen Finanzbedarf. In Zusammenarbeit mit Raiffeisen Schweiz konnten wir die Angebote auf lokalhelden.ch &#8211; Crowdfunding | RhineTalents Angebot publizieren und freuen uns auf Ihren Beitrag. Nat\u00fcrlich steht [&hellip;]<\/p>\n","protected":false},"author":1,"featured_media":0,"parent":0,"menu_order":0,"comment_status":"closed","ping_status":"closed","template":"","meta":{"footnotes":""},"class_list":["post-169","page","type-page","status-publish","hentry"],"_links":{"self":[{"href":"https:\/\/www.rhinetalents.ch\/index.php?rest_route=\/wp\/v2\/pages\/169","targetHints":{"allow":["GET"]}}],"collection":[{"href":"https:\/\/www.rhinetalents.ch\/index.php?rest_route=\/wp\/v2\/pages"}],"about":[{"href":"https:\/\/www.rhinetalents.ch\/index.php?rest_route=\/wp\/v2\/types\/page"}],"author":[{"embeddable":true,"href":"https:\/\/www.rhinetalents.ch\/index.php?rest_route=\/wp\/v2\/users\/1"}],"replies":[{"embeddable":true,"href":"https:\/\/www.rhinetalents.ch\/index.php?rest_route=%2Fwp%2Fv2%2Fcomments&post=169"}],"version-history":[{"count":31,"href":"https:\/\/www.rhinetalents.ch\/index.php?rest_route=\/wp\/v2\/pages\/169\/revisions"}],"predecessor-version":[{"id":437,"href":"https:\/\/www.rhinetalents.ch\/index.php?rest_route=\/wp\/v2\/pages\/169\/revisions\/437"}],"wp:attachment":[{"href":"https:\/\/www.rhinetalents.ch\/index.php?rest_route=%2Fwp%2Fv2%2Fmedia&parent=169"}],"curies":[{"name":"wp","href":"https:\/\/api.w.org\/{rel}","templated":true}]}}